{"id":33,"date":"2026-03-21T08:50:04","date_gmt":"2026-03-21T08:50:04","guid":{"rendered":"https:\/\/clarytura.com\/meist\/"},"modified":"2026-04-12T08:03:53","modified_gmt":"2026-04-12T08:03:53","slug":"meist","status":"publish","type":"page","link":"https:\/\/clarytura.com\/et\/meist\/","title":{"rendered":"Meist"},"content":{"rendered":"\n<div class=\"wp-block-group alignfull is-style-ext-preset--group--natural-1--section has-background-background-color has-background has-global-padding is-layout-constrained wp-block-group-is-layout-constrained is-style-ext-preset--group--natural-1--section--1\" id=\"meist\" style=\"margin-top:0;margin-bottom:0;padding-top:var(--wp--preset--spacing--70);padding-bottom:var(--wp--preset--spacing--70)\">\n<h2 class=\"wp-block-heading has-text-align-center ext-animate--on\">Meie eksperdid<\/h2>\n\n\n\n<p class=\"has-text-align-center ext-animate--on\" style=\"margin-top:1.5rem\">Oleme keskkonna ja metsanduse valdkonna spetsialistid, kes aitavad ettev\u00f5tetel teha paremaid otsuseid ja projekte edukalt ellu viia.<\/p>\n<\/div>\n\n\n\n<div class=\"wp-block-group alignfull is-style-ext-preset--group--natural-1--section has-background-background-color has-background has-global-padding is-layout-constrained wp-container-core-group-is-layout-e955bbaf wp-block-group-is-layout-constrained is-style-ext-preset--group--natural-1--section--2\" id=\"meeskond\" style=\"margin-top:0;margin-bottom:0;padding-top:var(--wp--preset--spacing--70);padding-bottom:var(--wp--preset--spacing--70)\">\n<p class=\"ext-animate--on\"><\/p>\n\n\n\n<div class=\"wp-block-columns alignwide is-layout-flex wp-container-core-columns-is-layout-08c01c1c wp-block-columns-is-layout-flex\">\n<div class=\"wp-block-column is-vertically-aligned-stretch ext-animate--on is-layout-flow wp-block-column-is-layout-flow\">\n<div class=\"wp-block-group is-style-ext-preset--group--natural-1--item-card-1--align-center has-global-padding is-layout-constrained wp-block-group-is-layout-constrained is-style-ext-preset--group--natural-1--item-card-1--align-center--3\">\n<figure class=\"wp-block-gallery has-nested-images columns-default is-cropped ext-animate--on wp-block-gallery-4 is-layout-flex wp-block-gallery-is-layout-flex\">\n<figure class=\"wp-block-image size-full ext-animate--on\"><img loading=\"lazy\" decoding=\"async\" width=\"1024\" height=\"1536\" data-id=\"258\" src=\"https:\/\/clarytura.com\/wp-content\/uploads\/2026\/04\/ChatGPT-Image-Apr-12-2026-11_02_01-AM.png\" alt=\"\" class=\"wp-image-258\" srcset=\"https:\/\/clarytura.com\/wp-content\/uploads\/2026\/04\/ChatGPT-Image-Apr-12-2026-11_02_01-AM.png 1024w, https:\/\/clarytura.com\/wp-content\/uploads\/2026\/04\/ChatGPT-Image-Apr-12-2026-11_02_01-AM-200x300.png 200w, https:\/\/clarytura.com\/wp-content\/uploads\/2026\/04\/ChatGPT-Image-Apr-12-2026-11_02_01-AM-683x1024.png 683w, https:\/\/clarytura.com\/wp-content\/uploads\/2026\/04\/ChatGPT-Image-Apr-12-2026-11_02_01-AM-768x1152.png 768w, https:\/\/clarytura.com\/wp-content\/uploads\/2026\/04\/ChatGPT-Image-Apr-12-2026-11_02_01-AM-8x12.png 8w\" sizes=\"auto, (max-width: 1024px) 100vw, 1024px\" \/><\/figure>\n<\/figure>\n\n\n\n<div class=\"wp-block-group is-style-default has-global-padding is-layout-constrained wp-block-group-is-layout-constrained\">\n<h3 class=\"wp-block-heading\" style=\"font-size:clamp(14px, 0.875rem + ((1vw - 3.2px) * 0.625), 20px);\">Teele Paluots<\/h3>\n\n\n\n<p style=\"margin-top:0;margin-bottom:0;font-size:clamp(14px, 0.875rem + ((1vw - 3.2px) * 0.417), 18px);\">\u00d6koloog, PhD<\/p>\n\n\n\n<p>Kogenud metsanduse ja looduskaitse spetsialist ning koolitaja<\/p>\n\n\n\n<ul class=\"wp-block-social-links has-normal-icon-size has-icon-color is-style-logos-only is-content-justification-center is-layout-flex wp-container-core-social-links-is-layout-4ee90c78 wp-block-social-links-is-layout-flex\" style=\"margin-top:24px\"><li style=\"color:#0B0620;\" class=\"wp-social-link wp-social-link-linkedin has-foreground-color wp-block-social-link\"><a href=\"https:\/\/www.linkedin.com\/public-profile\/settings?lipi=urn%3Ali%3Apage%3Ad_flagship3_profile_self_edit_contact-info%3BrHZcoxfWTEaeQAz1qZ9sAA%3D%3D\" class=\"wp-block-social-link-anchor\"><svg width=\"24\" height=\"24\" viewBox=\"0 0 24 24\" version=\"1.1\" xmlns=\"http:\/\/www.w3.org\/2000\/svg\" aria-hidden=\"true\" focusable=\"false\"><path d=\"M19.7,3H4.3C3.582,3,3,3.582,3,4.3v15.4C3,20.418,3.582,21,4.3,21h15.4c0.718,0,1.3-0.582,1.3-1.3V4.3 C21,3.582,20.418,3,19.7,3z M8.339,18.338H5.667v-8.59h2.672V18.338z M7.004,8.574c-0.857,0-1.549-0.694-1.549-1.548 c0-0.855,0.691-1.548,1.549-1.548c0.854,0,1.547,0.694,1.547,1.548C8.551,7.881,7.858,8.574,7.004,8.574z M18.339,18.338h-2.669 v-4.177c0-0.996-0.017-2.278-1.387-2.278c-1.389,0-1.601,1.086-1.601,2.206v4.249h-2.667v-8.59h2.559v1.174h0.037 c0.356-0.675,1.227-1.387,2.526-1.387c2.703,0,3.203,1.779,3.203,4.092V18.338z\"><\/path><\/svg><span class=\"wp-block-social-link-label screen-reader-text\">LinkedIn<\/span><\/a><\/li>\n\n<li style=\"color:#0B0620;\" class=\"wp-social-link wp-social-link-mail has-foreground-color ext-animate--on wp-block-social-link\"><a href=\"mailto:tee&#108;&#101;pa&#108;u&#111;ts&#064;&#099;l&#097;&#114;ytu&#114;&#097;.com\" class=\"wp-block-social-link-anchor\"><svg width=\"24\" height=\"24\" viewBox=\"0 0 24 24\" version=\"1.1\" xmlns=\"http:\/\/www.w3.org\/2000\/svg\" aria-hidden=\"true\" focusable=\"false\"><path d=\"M19,5H5c-1.1,0-2,.9-2,2v10c0,1.1.9,2,2,2h14c1.1,0,2-.9,2-2V7c0-1.1-.9-2-2-2zm.5,12c0,.3-.2.5-.5.5H5c-.3,0-.5-.2-.5-.5V9.8l7.5,5.6,7.5-5.6V17zm0-9.1L12,13.6,4.5,7.9V7c0-.3.2-.5.5-.5h14c.3,0,.5.2.5.5v.9z\"><\/path><\/svg><span class=\"wp-block-social-link-label screen-reader-text\">Mail<\/span><\/a><\/li><\/ul>\n<\/div>\n<\/div>\n<\/div>\n\n\n\n<div class=\"wp-block-column is-vertically-aligned-stretch ext-animate--on is-layout-flow wp-block-column-is-layout-flow\">\n<div class=\"wp-block-group is-style-ext-preset--group--natural-1--item-card-1--align-center has-global-padding is-layout-constrained wp-block-group-is-layout-constrained is-style-ext-preset--group--natural-1--item-card-1--align-center--5\">\n<figure class=\"wp-block-image size-large\"><img loading=\"lazy\" decoding=\"async\" width=\"768\" height=\"1024\" src=\"https:\/\/clarytura.com\/wp-content\/uploads\/2026\/03\/HB_seentega_2025-768x1024.jpg\" alt=\"\" class=\"wp-image-117\" style=\"aspect-ratio:1;object-fit:cover\" srcset=\"https:\/\/clarytura.com\/wp-content\/uploads\/2026\/03\/HB_seentega_2025-768x1024.jpg 768w, https:\/\/clarytura.com\/wp-content\/uploads\/2026\/03\/HB_seentega_2025-225x300.jpg 225w, https:\/\/clarytura.com\/wp-content\/uploads\/2026\/03\/HB_seentega_2025-1152x1536.jpg 1152w, https:\/\/clarytura.com\/wp-content\/uploads\/2026\/03\/HB_seentega_2025-9x12.jpg 9w, https:\/\/clarytura.com\/wp-content\/uploads\/2026\/03\/HB_seentega_2025.jpg 1280w\" sizes=\"auto, (max-width: 768px) 100vw, 768px\" \/><\/figure>\n\n\n\n<div class=\"wp-block-group is-style-default has-global-padding is-layout-constrained wp-block-group-is-layout-constrained\">\n<h3 class=\"wp-block-heading\" style=\"font-size:clamp(14px, 0.875rem + ((1vw - 3.2px) * 0.625), 20px);\">Toomas Tulev<\/h3>\n\n\n\n<p style=\"margin-top:0;margin-bottom:0;font-size:clamp(14px, 0.875rem + ((1vw - 3.2px) * 0.417), 18px);\">Metsakorraldaja <\/p>\n\n\n\n<p>Pikaajaline koost\u00f6\u00f6partner metsakorralduskavade koostamisel<\/p>\n<\/div>\n<\/div>\n<\/div>\n\n\n\n<div class=\"wp-block-column is-vertically-aligned-stretch ext-animate--on is-layout-flow wp-block-column-is-layout-flow\">\n<div class=\"wp-block-group is-style-ext-preset--group--natural-1--item-card-1--align-center has-global-padding is-layout-constrained wp-block-group-is-layout-constrained is-style-ext-preset--group--natural-1--item-card-1--align-center--6\">\n<figure class=\"wp-block-image size-large\"><img loading=\"lazy\" decoding=\"async\" width=\"768\" height=\"1024\" src=\"https:\/\/clarytura.com\/wp-content\/uploads\/2026\/03\/Lichen_2025-768x1024.jpg\" alt=\"\" class=\"wp-image-127\" style=\"aspect-ratio:1;object-fit:cover\" srcset=\"https:\/\/clarytura.com\/wp-content\/uploads\/2026\/03\/Lichen_2025-768x1023.jpg 768w, https:\/\/clarytura.com\/wp-content\/uploads\/2026\/03\/Lichen_2025-225x300.jpg 225w, https:\/\/clarytura.com\/wp-content\/uploads\/2026\/03\/Lichen_2025-9x12.jpg 9w, https:\/\/clarytura.com\/wp-content\/uploads\/2026\/03\/Lichen_2025.jpg 800w\" sizes=\"auto, (max-width: 768px) 100vw, 768px\" \/><\/figure>\n\n\n\n<div class=\"wp-block-group is-style-default has-global-padding is-layout-constrained wp-block-group-is-layout-constrained\">\n<h3 class=\"wp-block-heading\" style=\"font-size:clamp(14px, 0.875rem + ((1vw - 3.2px) * 0.625), 20px);\">Mare Leis<\/h3>\n\n\n\n<p style=\"margin-top:0;margin-bottom:0;font-size:clamp(14px, 0.875rem + ((1vw - 3.2px) * 0.417), 18px);\">Liigiekspert<\/p>\n\n\n\n<p>Liigispetsialist ja pikaajaline koost\u00f6\u00f6partner keskkonnaalastes projektides<\/p>\n<\/div>\n<\/div>\n<\/div>\n<\/div>\n<\/div>\n","protected":false},"excerpt":{"rendered":"<p>Meie eksperdid Oleme keskkonna ja metsanduse valdkonna spetsialistid, kes aitavad ettev\u00f5tetel teha paremaid otsuseid ja projekte edukalt ellu viia. Teele Paluots \u00d6koloog, PhD Kogenud metsanduse ja looduskaitse spetsialist ning koolitaja Toomas Tulev Metsakorraldaja Pikaajaline koost\u00f6\u00f6partner metsakorralduskavade koostamisel Mare Leis Liigiekspert Liigispetsialist ja pikaajaline koost\u00f6\u00f6partner keskkonnaalastes projektides<\/p>\n","protected":false},"author":1,"featured_media":0,"parent":0,"menu_order":0,"comment_status":"closed","ping_status":"closed","template":"page-with-title","meta":{"_monsterinsights_skip_tracking":false,"_monsterinsights_sitenote_active":false,"_monsterinsights_sitenote_note":"","_monsterinsights_sitenote_category":0,"footnotes":""},"class_list":["post-33","page","type-page","status-publish","hentry"],"_links":{"self":[{"href":"https:\/\/clarytura.com\/et\/wp-json\/wp\/v2\/pages\/33","targetHints":{"allow":["GET"]}}],"collection":[{"href":"https:\/\/clarytura.com\/et\/wp-json\/wp\/v2\/pages"}],"about":[{"href":"https:\/\/clarytura.com\/et\/wp-json\/wp\/v2\/types\/page"}],"author":[{"embeddable":true,"href":"https:\/\/clarytura.com\/et\/wp-json\/wp\/v2\/users\/1"}],"replies":[{"embeddable":true,"href":"https:\/\/clarytura.com\/et\/wp-json\/wp\/v2\/comments?post=33"}],"version-history":[{"count":5,"href":"https:\/\/clarytura.com\/et\/wp-json\/wp\/v2\/pages\/33\/revisions"}],"predecessor-version":[{"id":259,"href":"https:\/\/clarytura.com\/et\/wp-json\/wp\/v2\/pages\/33\/revisions\/259"}],"wp:attachment":[{"href":"https:\/\/clarytura.com\/et\/wp-json\/wp\/v2\/media?parent=33"}],"curies":[{"name":"wp","href":"https:\/\/api.w.org\/{rel}","templated":true}]}}