{"id":31,"date":"2026-03-21T08:50:04","date_gmt":"2026-03-21T08:50:04","guid":{"rendered":"https:\/\/clarytura.com\/ressursid\/"},"modified":"2026-04-05T13:21:11","modified_gmt":"2026-04-05T13:21:11","slug":"ressursid","status":"publish","type":"page","link":"https:\/\/clarytura.com\/et\/ressursid\/","title":{"rendered":"Tehtud t\u00f6\u00f6d"},"content":{"rendered":"\n<div class=\"wp-block-group alignfull is-style-ext-preset--group--natural-1--section has-tertiary-background-color has-background has-global-padding is-layout-constrained wp-container-core-group-is-layout-e955bbaf wp-block-group-is-layout-constrained is-style-ext-preset--group--natural-1--section--1\" style=\"margin-top:0;margin-bottom:0;padding-top:var(--wp--preset--spacing--70);padding-bottom:var(--wp--preset--spacing--70)\">\n<div class=\"wp-block-group alignwide ext-is-logical-start has-global-padding is-content-justification-left is-layout-constrained wp-container-core-group-is-layout-6729bdbe wp-block-group-is-layout-constrained\">\n<h2 class=\"wp-block-heading ext-animate--on\">Lood, mis n\u00e4itavad meie m\u00f5ju ja edu<\/h2>\n\n\n\n<p class=\"ext-animate--on\">Siin on m\u00f5ned n\u00e4ited projektidest, kus oleme aidanud klientidel leida toimivaid lahendusi.<\/p>\n<\/div>\n\n\n\n<div class=\"wp-block-media-text alignwide has-media-on-the-right is-stacked-on-mobile is-image-fill-element is-style-ext-preset--media-text--natural-1--card-1 ext-animate--on is-style-ext-preset--media-text--natural-1--card-1--2\"><div class=\"wp-block-media-text__content\">\n<div class=\"wp-block-group alignwide is-vertical is-layout-flex wp-container-core-group-is-layout-53474e87 wp-block-group-is-layout-flex\" style=\"padding-top:var(--wp--preset--spacing--60);padding-bottom:var(--wp--preset--spacing--60)\">\n<div class=\"wp-block-group has-global-padding is-layout-constrained wp-container-core-group-is-layout-812d5580 wp-block-group-is-layout-constrained\" style=\"padding-top:0;padding-right:0;padding-bottom:0;padding-left:0\">\n<h3 class=\"wp-block-heading\">Loodusdirektiivi metsaelupaikade inventeerimised ja koolitused<\/h3>\n\n\n\n<p>Oleme aidanud ettev\u00f5teid ja organisatsioone saamaks paremaid teadmisi Euroopa Liidu Loodusdirektiivi elupaikade inventeerimiseks ja sellega seotud regulatsioonidest Euroopa Liidus ning Eestis.<\/p>\n<\/div>\n<\/div>\n<\/div><figure class=\"wp-block-media-text__media\"><img loading=\"lazy\" decoding=\"async\" width=\"768\" height=\"1024\" src=\"https:\/\/clarytura.com\/wp-content\/uploads\/2026\/03\/Pine_2025-1-768x1024.jpg\" alt=\"\" class=\"wp-image-155 size-full\" style=\"object-position:50% 50%\" srcset=\"https:\/\/clarytura.com\/wp-content\/uploads\/2026\/03\/Pine_2025-1-768x1023.jpg 768w, https:\/\/clarytura.com\/wp-content\/uploads\/2026\/03\/Pine_2025-1-225x300.jpg 225w, https:\/\/clarytura.com\/wp-content\/uploads\/2026\/03\/Pine_2025-1-9x12.jpg 9w, https:\/\/clarytura.com\/wp-content\/uploads\/2026\/03\/Pine_2025-1.jpg 800w\" sizes=\"auto, (max-width: 768px) 100vw, 768px\" \/><\/figure><\/div>\n\n\n\n<div class=\"wp-block-media-text alignwide is-stacked-on-mobile is-image-fill-element is-style-ext-preset--media-text--natural-1--card-1 ext-animate--on is-style-ext-preset--media-text--natural-1--card-1--3\" style=\"margin-top:var(--wp--preset--spacing--40)\"><figure class=\"wp-block-media-text__media\"><img loading=\"lazy\" decoding=\"async\" width=\"800\" height=\"597\" src=\"https:\/\/clarytura.com\/wp-content\/uploads\/2026\/03\/LO_face.jpg\" alt=\"\" class=\"wp-image-156 size-full\" style=\"object-position:50% 50%\" srcset=\"https:\/\/clarytura.com\/wp-content\/uploads\/2026\/03\/LO_face.jpg 800w, https:\/\/clarytura.com\/wp-content\/uploads\/2026\/03\/LO_face-300x224.jpg 300w, https:\/\/clarytura.com\/wp-content\/uploads\/2026\/03\/LO_face-768x573.jpg 768w, https:\/\/clarytura.com\/wp-content\/uploads\/2026\/03\/LO_face-16x12.jpg 16w\" sizes=\"auto, (max-width: 800px) 100vw, 800px\" \/><\/figure><div class=\"wp-block-media-text__content\">\n<div class=\"wp-block-group alignwide is-vertical is-layout-flex wp-container-core-group-is-layout-53474e87 wp-block-group-is-layout-flex\" style=\"padding-top:var(--wp--preset--spacing--60);padding-bottom:var(--wp--preset--spacing--60)\">\n<div class=\"wp-block-group has-global-padding is-layout-constrained wp-container-core-group-is-layout-812d5580 wp-block-group-is-layout-constrained\" style=\"padding-top:0;padding-right:0;padding-bottom:0;padding-left:0\">\n<h3 class=\"wp-block-heading\">Rahvusvahelised projektid<\/h3>\n\n\n\n<p>Lendorava LIFE projekti raames metsakorralduse ja metsamajanduskavade koostamine erametsaomanikele. Tasakaalupunktide leidmine looduskaitse ja metsamajanduse vahel. <\/p>\n<\/div>\n<\/div>\n<\/div><\/div>\n\n\n\n<div class=\"wp-block-media-text alignwide has-media-on-the-right is-stacked-on-mobile is-image-fill-element is-style-ext-preset--media-text--natural-1--card-1 ext-animate--on is-style-ext-preset--media-text--natural-1--card-1--4\" style=\"margin-top:var(--wp--preset--spacing--40)\"><div class=\"wp-block-media-text__content\">\n<div class=\"wp-block-group alignwide is-vertical is-layout-flex wp-container-core-group-is-layout-53474e87 wp-block-group-is-layout-flex\" style=\"padding-top:var(--wp--preset--spacing--60);padding-bottom:var(--wp--preset--spacing--60)\">\n<div class=\"wp-block-group has-global-padding is-layout-constrained wp-container-core-group-is-layout-812d5580 wp-block-group-is-layout-constrained\" style=\"padding-top:0;padding-right:0;padding-bottom:0;padding-left:0\">\n<h3 class=\"wp-block-heading\">T\u00f5husate lahenduste rakendamine ja nende tutvustamine<\/h3>\n\n\n\n<p>Meie konsultatsioonid on aidanud optimeerida protsesse, v\u00e4hendada riske ja suurendada rahvusvahelist koost\u00f6\u00f6d.<\/p>\n<\/div>\n<\/div>\n<\/div><figure class=\"wp-block-media-text__media\"><img loading=\"lazy\" decoding=\"async\" width=\"1024\" height=\"683\" src=\"https:\/\/clarytura.com\/wp-content\/uploads\/2026\/03\/Rigas-mezi_panel_2025-1024x683.jpg\" alt=\"\" class=\"wp-image-124 size-full\" style=\"object-position:50% 50%\" srcset=\"https:\/\/clarytura.com\/wp-content\/uploads\/2026\/03\/Rigas-mezi_panel_2025-1024x683.jpg 1024w, https:\/\/clarytura.com\/wp-content\/uploads\/2026\/03\/Rigas-mezi_panel_2025-300x200.jpg 300w, https:\/\/clarytura.com\/wp-content\/uploads\/2026\/03\/Rigas-mezi_panel_2025-768x512.jpg 768w, https:\/\/clarytura.com\/wp-content\/uploads\/2026\/03\/Rigas-mezi_panel_2025-1536x1024.jpg 1536w, https:\/\/clarytura.com\/wp-content\/uploads\/2026\/03\/Rigas-mezi_panel_2025-18x12.jpg 18w, https:\/\/clarytura.com\/wp-content\/uploads\/2026\/03\/Rigas-mezi_panel_2025.jpg 2048w\" sizes=\"auto, (max-width: 1024px) 100vw, 1024px\" \/><\/figure><\/div>\n<\/div>\n","protected":false},"excerpt":{"rendered":"<p>Lood, mis n\u00e4itavad meie m\u00f5ju ja edu Siin on m\u00f5ned n\u00e4ited projektidest, kus oleme aidanud klientidel leida toimivaid lahendusi. Loodusdirektiivi metsaelupaikade inventeerimised ja koolitused Oleme aidanud ettev\u00f5teid ja organisatsioone saamaks paremaid teadmisi Euroopa Liidu Loodusdirektiivi elupaikade inventeerimiseks ja sellega seotud regulatsioonidest Euroopa Liidus ning Eestis. Rahvusvahelised projektid Lendorava LIFE projekti raames metsakorralduse ja metsamajanduskavade koostamine [&hellip;]<\/p>\n","protected":false},"author":1,"featured_media":0,"parent":0,"menu_order":0,"comment_status":"closed","ping_status":"closed","template":"page-with-title","meta":{"_monsterinsights_skip_tracking":false,"_monsterinsights_sitenote_active":false,"_monsterinsights_sitenote_note":"","_monsterinsights_sitenote_category":0,"footnotes":""},"class_list":["post-31","page","type-page","status-publish","hentry"],"_links":{"self":[{"href":"https:\/\/clarytura.com\/et\/wp-json\/wp\/v2\/pages\/31","targetHints":{"allow":["GET"]}}],"collection":[{"href":"https:\/\/clarytura.com\/et\/wp-json\/wp\/v2\/pages"}],"about":[{"href":"https:\/\/clarytura.com\/et\/wp-json\/wp\/v2\/types\/page"}],"author":[{"embeddable":true,"href":"https:\/\/clarytura.com\/et\/wp-json\/wp\/v2\/users\/1"}],"replies":[{"embeddable":true,"href":"https:\/\/clarytura.com\/et\/wp-json\/wp\/v2\/comments?post=31"}],"version-history":[{"count":5,"href":"https:\/\/clarytura.com\/et\/wp-json\/wp\/v2\/pages\/31\/revisions"}],"predecessor-version":[{"id":243,"href":"https:\/\/clarytura.com\/et\/wp-json\/wp\/v2\/pages\/31\/revisions\/243"}],"wp:attachment":[{"href":"https:\/\/clarytura.com\/et\/wp-json\/wp\/v2\/media?parent=31"}],"curies":[{"name":"wp","href":"https:\/\/api.w.org\/{rel}","templated":true}]}}